{"id":17,"date":"2025-07-15T14:33:06","date_gmt":"2025-07-15T13:33:06","guid":{"rendered":"https:\/\/feearte.pt\/?page_id=17"},"modified":"2025-07-15T14:33:40","modified_gmt":"2025-07-15T13:33:40","slug":"sobre-a-fearte","status":"publish","type":"page","link":"https:\/\/feearte.pt\/?page_id=17","title":{"rendered":"Sobre a F\u00e9&amp;Arte"},"content":{"rendered":"\n<h2 class=\"wp-block-heading\">\ud83c\udf37 Sobre a F\u00e9&amp;Arte<\/h2>\n\n\n\n<p>A F\u00e9&amp;Arte nasceu num momento de desafio pessoal. Foi nesse tempo que, atrav\u00e9s do design e da arte, surgiu uma nova forma de encontrar for\u00e7a, esperan\u00e7a e prop\u00f3sito. Apaixonada por canecas e pelo poder das palavras, nasceu a vontade de unir os dois: uma mensagem de f\u00e9 impressa numa pe\u00e7a especial \u2014 algo bonito e significativo para oferecer a quem se ama.<\/p>\n\n\n\n<p>Mais do que uma marca, a F\u00e9&amp;Arte \u00e9 uma express\u00e3o de alma. Cada colec\u00e7\u00e3o \u00e9 pensada com carinho e inten\u00e7\u00e3o, trazendo frases, desenhos e cores que tocam o cora\u00e7\u00e3o. Aqui vais encontrar produtos prontos, com identidade pr\u00f3pria, criados para inspirar, alegrar e transformar pequenos momentos do dia.<\/p>\n\n\n\n<p>A F\u00e9&amp;Arte \u00e9 um convite \u00e0 ternura e \u00e0 luz \u2014 uma forma de dizer \u201cestou contigo\u201d atrav\u00e9s da simplicidade de um mimo.<\/p>\n\n\n\n<p><em>Feito com f\u00e9. Entregue com arte.<\/em><\/p>\n","protected":false},"excerpt":{"rendered":"<p>\ud83c\udf37 Sobre a F\u00e9&amp;Arte A F\u00e9&amp;Arte nasceu num momento de desafio pessoal. Foi nesse tempo que, atrav\u00e9s do design e da arte, surgiu uma nova forma de encontrar for\u00e7a, esperan\u00e7a e prop\u00f3sito. Apaixonada por canecas e pelo poder das palavras, nasceu a vontade de unir os dois: uma mensagem de f\u00e9 impressa numa pe\u00e7a especial [&hellip;]<\/p>\n","protected":false},"author":1,"featured_media":0,"parent":0,"menu_order":0,"comment_status":"closed","ping_status":"closed","template":"","meta":{"footnotes":""},"class_list":["post-17","page","type-page","status-publish","hentry"],"_links":{"self":[{"href":"https:\/\/feearte.pt\/index.php?rest_route=\/wp\/v2\/pages\/17","targetHints":{"allow":["GET"]}}],"collection":[{"href":"https:\/\/feearte.pt\/index.php?rest_route=\/wp\/v2\/pages"}],"about":[{"href":"https:\/\/feearte.pt\/index.php?rest_route=\/wp\/v2\/types\/page"}],"author":[{"embeddable":true,"href":"https:\/\/feearte.pt\/index.php?rest_route=\/wp\/v2\/users\/1"}],"replies":[{"embeddable":true,"href":"https:\/\/feearte.pt\/index.php?rest_route=%2Fwp%2Fv2%2Fcomments&post=17"}],"version-history":[{"count":1,"href":"https:\/\/feearte.pt\/index.php?rest_route=\/wp\/v2\/pages\/17\/revisions"}],"predecessor-version":[{"id":19,"href":"https:\/\/feearte.pt\/index.php?rest_route=\/wp\/v2\/pages\/17\/revisions\/19"}],"wp:attachment":[{"href":"https:\/\/feearte.pt\/index.php?rest_route=%2Fwp%2Fv2%2Fmedia&parent=17"}],"curies":[{"name":"wp","href":"https:\/\/api.w.org\/{rel}","templated":true}]}}